{"id":57,"date":"2022-10-01T22:46:41","date_gmt":"2022-10-01T20:46:41","guid":{"rendered":"http:\/\/jaskinia-solna.pl\/?page_id=57"},"modified":"2024-08-26T22:16:02","modified_gmt":"2024-08-26T20:16:02","slug":"cennik","status":"publish","type":"page","link":"http:\/\/jaskinia-solna.pl\/index.php\/cennik\/","title":{"rendered":"CENNIK"},"content":{"rendered":"<div class=\"wp-block-image\">\n<figure class=\"alignright size-large is-resized\"><img loading=\"lazy\" decoding=\"async\" width=\"576\" height=\"1024\" src=\"http:\/\/jaskinia-solna.pl\/wp-content\/uploads\/2022\/10\/Zdjecie-WhatsApp-2022-10-03-o-21.14.58-576x1024.jpg\" alt=\"\" class=\"wp-image-72\" style=\"width:208px;height:369px\" srcset=\"http:\/\/jaskinia-solna.pl\/wp-content\/uploads\/2022\/10\/Zdjecie-WhatsApp-2022-10-03-o-21.14.58-576x1024.jpg 576w, http:\/\/jaskinia-solna.pl\/wp-content\/uploads\/2022\/10\/Zdjecie-WhatsApp-2022-10-03-o-21.14.58-169x300.jpg 169w, http:\/\/jaskinia-solna.pl\/wp-content\/uploads\/2022\/10\/Zdjecie-WhatsApp-2022-10-03-o-21.14.58-768x1365.jpg 768w, http:\/\/jaskinia-solna.pl\/wp-content\/uploads\/2022\/10\/Zdjecie-WhatsApp-2022-10-03-o-21.14.58-864x1536.jpg 864w, http:\/\/jaskinia-solna.pl\/wp-content\/uploads\/2022\/10\/Zdjecie-WhatsApp-2022-10-03-o-21.14.58.jpg 1125w\" sizes=\"auto, (max-width: 576px) 100vw, 576px\" \/><figcaption class=\"wp-element-caption\">Zapraszamy<\/figcaption><\/figure>\n<\/div>\n\n\n<p>Doros\u0142y<br>1 seans &#8211; 30 z\u0142, karnet* &#8211; 150 z\u0142<\/p>\n\n\n\n<p>Dziecko do 3 lat gratis; Pe\u0142noletni opiekun<br>1 seans &#8211; 30 z\u0142, karnet* &#8211; 150 z\u0142<\/p>\n\n\n\n<p>Dziecko w wieku od 3 do 10 lat z opiekunem<br>1 seans &#8211; 40 z\u0142, karnet* &#8211; 200 z\u0142<\/p>\n\n\n\n<p>Dwoje dzieci w wieku od 3 do 10 lat z opiekunem<br>1 seans &#8211; 50 z\u0142, karnet* &#8211; 250 z\u0142<\/p>\n\n\n\n<ul class=\"wp-block-list\">\n<li>Karnet obejmuje 6 wizyt w jaskini.<\/li>\n<\/ul>\n\n\n\n<p>Aby zam\u00f3wi\u0107 wizyt\u0119 skontaktuj si\u0119 z rejestracj\u0105:<\/p>\n\n\n\n<p>Telefon:  605 286 333<\/p>\n\n\n","protected":false},"excerpt":{"rendered":"<p>Doros\u0142y1 seans &#8211; 30 z\u0142, karnet* &#8211; 150 z\u0142 Dziecko do 3 lat gratis; Pe\u0142noletni opiekun1 seans &#8211; 30 z\u0142, karnet* &#8211; 150 z\u0142 Dziecko&hellip;<\/p>\n","protected":false},"author":2,"featured_media":0,"parent":0,"menu_order":0,"comment_status":"closed","ping_status":"closed","template":"","meta":{"footnotes":""},"class_list":["post-57","page","type-page","status-publish","hentry"],"_links":{"self":[{"href":"http:\/\/jaskinia-solna.pl\/index.php\/wp-json\/wp\/v2\/pages\/57","targetHints":{"allow":["GET"]}}],"collection":[{"href":"http:\/\/jaskinia-solna.pl\/index.php\/wp-json\/wp\/v2\/pages"}],"about":[{"href":"http:\/\/jaskinia-solna.pl\/index.php\/wp-json\/wp\/v2\/types\/page"}],"author":[{"embeddable":true,"href":"http:\/\/jaskinia-solna.pl\/index.php\/wp-json\/wp\/v2\/users\/2"}],"replies":[{"embeddable":true,"href":"http:\/\/jaskinia-solna.pl\/index.php\/wp-json\/wp\/v2\/comments?post=57"}],"version-history":[{"count":4,"href":"http:\/\/jaskinia-solna.pl\/index.php\/wp-json\/wp\/v2\/pages\/57\/revisions"}],"predecessor-version":[{"id":119,"href":"http:\/\/jaskinia-solna.pl\/index.php\/wp-json\/wp\/v2\/pages\/57\/revisions\/119"}],"wp:attachment":[{"href":"http:\/\/jaskinia-solna.pl\/index.php\/wp-json\/wp\/v2\/media?parent=57"}],"curies":[{"name":"wp","href":"https:\/\/api.w.org\/{rel}","templated":true}]}}