{"id":44,"date":"2022-09-30T21:55:19","date_gmt":"2022-09-30T19:55:19","guid":{"rendered":"http:\/\/jaskinia-solna.pl\/?page_id=44"},"modified":"2022-10-22T10:41:52","modified_gmt":"2022-10-22T08:41:52","slug":"mikroklimat-jaskini-solnej","status":"publish","type":"page","link":"http:\/\/jaskinia-solna.pl\/index.php\/mikroklimat-jaskini-solnej\/","title":{"rendered":"Mikroklimat jaskini solnej"},"content":{"rendered":"\n<h1 class=\"wp-block-heading\">Mikroklimat<\/h1>\n\n\n\n<p>Mikroklimatem nazywamy klimat charakterystyczny dla ma\u0142ej cz\u0119\u015bci \u015brodowiska,kt\u00f3ra wyodr\u0119bnia si\u0119 z otoczenia wysoko\u015bci\u0105,wilgotno\u015bci\u0105,wahaniami temperatury,szybko\u015bci\u0105 ruchu powietrza itp.Mikroklimat domowy ma istotne znaczenie dla rozwoju chor\u00f3b cywilizacyjnych.Na przyk\u0142ad w wilgotnych domach o du\u017cym st\u0119\u017ceniu roztoczy cz\u0119\u015bciej dochodzi do powstania uczulenia na roztocza.Coraz cz\u0119stsze s\u0105 uczulenia na alergeny grzyb\u00f3w porastaj\u0105cych budynki mieszkalne.W domach wyko\u0144czonych du\u017c\u0105 ilo\u015bc\u0105 surowego i nieodpowiednio zakonserwowasnego drewna zwi\u0119ksza si\u0119 ekspozycja na grzyby i pestycydy.Dlatego bardzo wa\u017cne w leczeniu i&nbsp; zapobieganiu chorobom alergicznym jest zmiana klimatu.Mo\u017ce zapewni\u0107 nam to leczenie sanatoryjne lub jedna z nowoczesnych metod leczenia mikroklimatem jaki tworzony jest w <em>jaskini solnej.<\/em><\/p>\n\n\n\n<h1 class=\"wp-block-heading\">Jaskinia solna<\/h1>\n\n\n\n<p>Jaskinia solna to specjalnie skonstruowana komora klimatyczno \u2013 inhalacyjna wykonana wed\u0142ug opatetowanej technologii.\u015aciany jaskini zbudowane s\u0105 z blok\u00f3w solnych o r\u00f3\u017cnej wielko\u015bci i w ciep\u0142ej kolorystyce.Pomi\u0119dzy blokami soli zamontowane jest o\u015bwietlenie.Na pod\u0142odze u\u0142o\u017cone s\u0105 bloczki prasowanej soli z trzech m\u00f3rz,pod kt\u00f3rymi zamontowano ogrzewanie pod\u0142ogowe.Ca\u0142a pod\u0142oga pokryta jest drobnymi kryszta\u0142ami soli z Morza Martwego,kt\u00f3re przypominaja piasek nadmorski.Na przeciwleg\u0142ych \u015bcianach zamontowano t\u0119\u017cni\u0119 ,w kt\u00f3rej na specjalnych miote\u0142kach krystalizuje si\u0119 rozpuszczona s\u00f3l morska ,oraz kaskad\u0119 soln\u0105.W kaskadzie i t\u0119\u017cni sole z Morza Martwego,Czrnego i Czerwonego s\u0105 nabie\u017c\u0105co uzupe\u0142niane.Na dobry klimat jaskini wp\u0142ywaja dwa jonizatory powietrza.Pomieszczenie jest klimatyzowane.Wymiana powietrza nast\u0119puje po ka\u017cdym seansie. Podczas zabieg\u00f3w,z kt\u00f3rych jednorazowo korzysta\u0107 mo\u017ce dziewi\u0119\u0107 os\u00f3b,s\u0142ucha\u0107 mo\u017cna muzyki relaksacyjnej.Przyciemnione \u015bwiat\u0142a i spokojna muzyka pozwalaj\u0105 na pe\u0142ny relaks,a sp\u0119dzone tu 45 minut to jak trzy dni pobytu nad morzem podczas sztormowej pogody,kiedy to powietrze zawiera najwiecej jodu.Na zabieg nale\u017cy przyj\u015b\u0107 w lu\u017anym stroju,obuwie zdejmujemy i zak\u0142adamy bawe\u0142niane skarpety, aby mie\u0107 kontakt z rozsypan\u0105 na pod\u0142odze sol\u0105.<\/p>\n\n\n\n<h1 class=\"wp-block-heading\">Morze Martwe<\/h1>\n\n\n\n<p>Morze Martwe jest niepowtarzalnym \u017ar\u00f3d\u0142em makro- i mikroelement\u00f3w, koncentracja kt\u00f3rych osi\u0105ga 400 g\/l.Wska\u017anik ten przewy\u017csza jakikolwiek z akwen\u00f3w istiej\u0105cych na \u015bwiecie.Sole Morza Martwego zawieraj\u0105&nbsp; s\u00f3d,potas,rubid,wap\u0144,magnez,chlor,brom.Sole te wykazuja wspania\u0142y efekt w leczeniu r\u00f3\u017cnych chor\u00f3b sk\u00f3ry,stan\u00f3w po urazach,chor\u00f3b spowodowanych infekcjami.<\/p>\n\n\n\n<h1 class=\"wp-block-heading\">Dzia\u0142anie mikroklimatu jaskini solnej<\/h1>\n\n\n\n<p>W jaskini solnej mamy do czynienia z mikroklimatem,kt\u00f3ry powstaje z mieszanki soli z trzech m\u00f3rz i soli k\u0142odawskiej.Czyste zjonizowane powietrze ma bardzo korzystny wp\u0142yw na leczenie i profilaktyk\u0119 szeregu przewlek\u0142ych chor\u00f3b,kt\u00f3re funduje nam post\u0119p cywilizacji.<\/p>\n\n\n\n<p>Z zabieg\u00f3w w jaskini skorzysta\u0107 mog\u0105 osoby cierpi\u0105ce na :<\/p>\n\n\n\n<ul class=\"wp-block-list\"><li>Choroby dr\u00f3g oddechowych \u2013 astma oskrzelowa,pylica,przewlek\u0142e zapalenie oskrzeli,zapalenie zatok,przewlek\u0142y katar<\/li><li>Schorzenia dermatologiczne \u2013 atopowe apalenie sk\u00f3ry,\u0142uszczyca,tr\u0105dzik<\/li><li>Niedoczynno\u015b\u0107 tarczycy<\/li><li>Schorzenia sercowo-naczyniowe<\/li><li>Schorzenia przewodu pokarmowego<\/li><li>Zaburzenia przemiany materii<\/li><li>Nerwice<\/li><li>Przem\u0119czenie,spadek odporno\u015bci na stres.<\/li><\/ul>\n\n\n\n<p>Metoda inhalacji naturalnej jest bezpieczn\u0105 metod\u0105 pozwalaj\u0105c\u0105 na wzmocnienie odporno\u015bci organizmu, regulacj\u0119 przemiany materii, popraw\u0119 funkcjonowania nab\u0142onk\u00f3w dr\u00f3g oddechowych i sk\u00f3ry. Polecana w profilaktyce chor\u00f3b alergicznych.<\/p>\n","protected":false},"excerpt":{"rendered":"<p>Mikroklimat Mikroklimatem nazywamy klimat charakterystyczny dla ma\u0142ej cz\u0119\u015bci \u015brodowiska,kt\u00f3ra wyodr\u0119bnia si\u0119 z otoczenia wysoko\u015bci\u0105,wilgotno\u015bci\u0105,wahaniami temperatury,szybko\u015bci\u0105 ruchu powietrza itp.Mikroklimat domowy ma istotne znaczenie dla rozwoju chor\u00f3b&hellip;<\/p>\n","protected":false},"author":2,"featured_media":0,"parent":0,"menu_order":0,"comment_status":"closed","ping_status":"closed","template":"","meta":{"footnotes":""},"class_list":["post-44","page","type-page","status-publish","hentry"],"_links":{"self":[{"href":"http:\/\/jaskinia-solna.pl\/index.php\/wp-json\/wp\/v2\/pages\/44","targetHints":{"allow":["GET"]}}],"collection":[{"href":"http:\/\/jaskinia-solna.pl\/index.php\/wp-json\/wp\/v2\/pages"}],"about":[{"href":"http:\/\/jaskinia-solna.pl\/index.php\/wp-json\/wp\/v2\/types\/page"}],"author":[{"embeddable":true,"href":"http:\/\/jaskinia-solna.pl\/index.php\/wp-json\/wp\/v2\/users\/2"}],"replies":[{"embeddable":true,"href":"http:\/\/jaskinia-solna.pl\/index.php\/wp-json\/wp\/v2\/comments?post=44"}],"version-history":[{"count":1,"href":"http:\/\/jaskinia-solna.pl\/index.php\/wp-json\/wp\/v2\/pages\/44\/revisions"}],"predecessor-version":[{"id":45,"href":"http:\/\/jaskinia-solna.pl\/index.php\/wp-json\/wp\/v2\/pages\/44\/revisions\/45"}],"wp:attachment":[{"href":"http:\/\/jaskinia-solna.pl\/index.php\/wp-json\/wp\/v2\/media?parent=44"}],"curies":[{"name":"wp","href":"https:\/\/api.w.org\/{rel}","templated":true}]}}