{"id":39,"date":"2022-09-30T21:50:35","date_gmt":"2022-09-30T19:50:35","guid":{"rendered":"http:\/\/jaskinia-solna.pl\/?page_id=39"},"modified":"2022-10-22T10:42:11","modified_gmt":"2022-10-22T08:42:11","slug":"wykorzystanie-dzialania-w-chorobach-przewleklych","status":"publish","type":"page","link":"http:\/\/jaskinia-solna.pl\/index.php\/wykorzystanie-dzialania-w-chorobach-przewleklych\/","title":{"rendered":"WYKORZYSTANIE\u00a0 DZIA\u0141ANIA W\u00a0 CHOROBACH\u00a0 PRZEWLEK\u0141YCH"},"content":{"rendered":"\n<p>Rozw\u00f3j cywilizacji i konsumpcyjny styl \u017cycia prowadz\u0105 do rozwoju szeregu chor\u00f3b,w tym alergii (astma oskrzelowa, atopowe zapalenie sk\u00f3ry ,alergiczny nie\u017cyt nosa), a na\u0142ogowe palenie tytoniu jest przyczyn\u0105 przewlek\u0142ej obturacyjnej choroby p\u0142uc, kt\u00f3ra nie leczona szybko skutkuje inwalidztwem oddechowym. <\/p>\n\n\n\n<p>Dlatego opr\u00f3cz diagnostyki ogromny nacisk k\u0142adziemy na profilaktyk\u0119. .Jedn\u0105 z metod profilaktyki w chorobach dr\u00f3g oddechowych i nie tylko, jest dzia\u0142anie stymuluj\u0105ce aerozoli naturalnych obecnych w powietrzu nadmorskim, czy w kopalniach soli. Specyficzny mikroklimat zbli\u017cony do morskiego uzyskiwany jest w komorze inhalacyjnej jaskini solnej.<\/p>\n\n\n\n<p>Na powstanie takiego mikroklimatu ma wp\u0142yw obecno\u015b\u0107 oryginalnej soli z minera\u0142ami Morza Martwego, Czerwonego i Czarnego, oraz s\u00f3l k\u0142odawska znana z wysokiego stopnia czysto\u015bci.<\/p>\n\n\n\n<p>Sk\u0142ad mikroelement\u00f3w&nbsp; w wy\u017cej wymienionych solach zbli\u017cony jest do ich zawarto\u015bci w p\u0142ynach ustrojowych, a s\u0105 to <strong>s\u00f3d, potas, wap\u0144, jod, magnez, brom,<\/strong> <strong>selen, mangan, \u017celazo, cynk, mied\u017a.<\/strong><\/p>\n\n\n\n<p>Mikroelementy s\u0105 bardzo wa\u017cnym sk\u0142adnikiem p\u0142yn\u00f3w ustrojowych i kom\u00f3rek, odgrywaj\u0105 rol\u0119 w procesach przemiany materii, odpowiedzialne s\u0105 za potencja\u0142 bioelektryczny b\u0142on kom\u00f3rkowych.<\/p>\n\n\n\n<p>Niedobory minera\u0142\u00f3w lub ich nieprawid\u0142owe proporcje s\u0105 odpowiedzialne za szereg dolegliwo\u015bci jak na przyk\u0142ad nadci\u015bnienie t\u0119tnicze, niedoczynno\u015b\u0107, czy nadczynno\u015b\u0107 tarczycy, nadpobudliwo\u015b\u0107 nerwowa, m\u0119czliwo\u015b\u0107, anemia, obni\u017cenie odporno\u015bci a co za tym idzie cz\u0119ste infekcje.<\/p>\n\n\n\n<ul class=\"wp-block-list\"><li><strong>JOD<\/strong> zapewnia prawid\u0142owe funkcjonowanie tarczycy,kt\u00f3ra reguluje przemian\u0105 materii<\/li><li><strong>WAP\u0143 <\/strong>&nbsp;jest budulcem uk\u0142adu kostnego,wzmacnia odporno\u015b\u0107,pomaga obni\u017cy\u0107 ci\u015bnienie osobom z nadci\u015bnieniem,dzia\u0142a przeciwalegicznie<\/li><li><strong>POTAS <\/strong>obni\u017ca ci\u015bnienie krwi,zapobiega chorobom serca,poprawia funkcje sk\u00f3ry,wykazuje dzia\u0142anie moczop\u0119dne,pomaga w usuwaniu truj\u0105cych produkt\u00f3w przemiany materii<\/li><li><strong>S\u00d3D <\/strong>podtrzymuje bilans kwasowo-alkaliczny w organi\u017amie,wzmacnia turgor kom\u00f3rki<\/li><li><strong>MAGNEZ <\/strong>\u0142agodzi napady astmy,\u0142agodzi objawy przewlek\u0142ego zm\u0119czenia,obni\u017ca napi\u0119cie nerwowe,chroni przed chorobami serca i obni\u017ca podwy\u017cszone ci\u015bnienie.<\/li><li><strong>\u017bELAZO <\/strong>leczy anemi\u0119 wp\u0142ywa na prac\u0119 mi\u0119\u015bni,poprawia koncentracj\u0119,obni\u017ca&nbsp; podatno\u015b\u0107 na infekcje.<\/li><li><strong>BROM <\/strong>obni\u017ca ci\u015bnienie krwi i reguluje prac\u0119 uk\u0142adu nerwowego<\/li><li><strong>SELEN <\/strong>zwalcza zaka\u017cenia wirusowe,blokuje wolne rodniki,przez co zapobiega chorobom nowotworowym i chorobie wie\u0144cowej.<\/li><\/ul>\n\n\n\n<p>&nbsp;&nbsp;&nbsp;&nbsp;&nbsp;&nbsp;&nbsp;&nbsp;&nbsp; W przewlek\u0142ych schorzeniach dr\u00f3g oddechowych mamy do czynienia z zaburzonym transportem \u015bluzowo-rz\u0119skowym, ze zmianami strukturalnymi i czynno\u015bciowymi nab\u0142onka dr\u00f3g oddechowych. Powietrze ma utrudniony przep\u0142yw przez zw\u0119\u017cone i zatkane wydzielin\u0105 oskrzela. \u0141atwiej dochodzi do infekcji i zaostrze\u0144 choroby podstawowej. Wdychanie aerozoli zawieraj\u0105cych mikroelementy powoduje rozrzedzenie lepkiego \u015bluzu, poprawia funkcj\u0119 rz\u0119sek i w efekcie ewakuacj\u0119 zalegaj\u0105cej wydzieliny z dr\u00f3g oddechowych zar\u00f3wno g\u00f3rnych (zatoki, nos ) jak i dolnych. Biopierwiastki mog\u0105 by\u0107 teraz \u0142atwo przyswajane przez organizm i uczestniczy\u0107 w procesach przemiany materii. Po kilku zabiegach w jaskini odczuwalna jest wyra\u017ana poprawa. Sprawniej funkcjonuj\u0105 miejscowe mechanizmy obronne zar\u00f3wno swoiste jak i nieswoiste. Zmniejsza si\u0119 wyra\u017anie ilo\u015b\u0107 wydzieliny w drogach oddechowych. Poprawia si\u0119 wydolno\u015b\u0107 organizmu. Skuteczniej dzia\u0142aj\u0105 leki. Obliczono, \u017ce 45 minutowy seans w jaskini odpowiada trzem dniom pobytu nad morzem.<\/p>\n\n\n\n<p>&nbsp;&nbsp;&nbsp;&nbsp;&nbsp;&nbsp;&nbsp;&nbsp;&nbsp; Orginalna s\u00f3l z Morza Martwego,kt\u00f3r\u0105 nasycana jest woda w t\u0119\u017cni i kaskadzie solnej odpowiada za efekty jakie uzyskujemy w leczeniu schorze\u0144 dermatologicznych.Minera\u0142y osadzaj\u0105 si\u0119 na sk\u00f3rze,po czym przenikaj\u0105 do kom\u00f3rek.Zniszczony nask\u00f3rek z\u0142uszcza si\u0119,sk\u00f3ra staje si\u0119 g\u0142adka,j\u0119drna,lepiej ukrwiona.Dlatego taka metoda terapii zalecana jest w \u0142uszczycy,atopowym zapaleniu sk\u00f3ry,tr\u0105dziku.<\/p>\n\n\n\n<p>&nbsp;&nbsp;&nbsp;&nbsp;&nbsp;&nbsp;&nbsp;&nbsp;&nbsp; Pobyt w jaskini ma te\u017c bardzo korzystny wp\u0142yw na osoby \u017cyj\u0105ce w stresie i napi\u0119ciu nerwowym. Mikroelementy ,a zw\u0142aszcza magnez, \u017celazo, brom, reguluj\u0105 prac\u0119 uk\u0142adu nerwowego, obni\u017caj\u0105 ci\u015bnienie i pobudzaj\u0105 odporno\u015b\u0107. Na ten efekt z&nbsp; pewno\u015bci\u0105 ma wp\u0142yw 45-cio&nbsp;&nbsp; minutowy wypoczynek po\u0142\u0105czony z s\u0142uchaniem muzyki relaksacyjnej i szumem kaskady solnej.<\/p>\n\n\n\n<p><\/p>\n","protected":false},"excerpt":{"rendered":"<p>Rozw\u00f3j cywilizacji i konsumpcyjny styl \u017cycia prowadz\u0105 do rozwoju szeregu chor\u00f3b,w tym alergii (astma oskrzelowa, atopowe zapalenie sk\u00f3ry ,alergiczny nie\u017cyt nosa), a na\u0142ogowe palenie tytoniu&hellip;<\/p>\n","protected":false},"author":2,"featured_media":0,"parent":0,"menu_order":0,"comment_status":"closed","ping_status":"closed","template":"","meta":{"footnotes":""},"class_list":["post-39","page","type-page","status-publish","hentry"],"_links":{"self":[{"href":"http:\/\/jaskinia-solna.pl\/index.php\/wp-json\/wp\/v2\/pages\/39","targetHints":{"allow":["GET"]}}],"collection":[{"href":"http:\/\/jaskinia-solna.pl\/index.php\/wp-json\/wp\/v2\/pages"}],"about":[{"href":"http:\/\/jaskinia-solna.pl\/index.php\/wp-json\/wp\/v2\/types\/page"}],"author":[{"embeddable":true,"href":"http:\/\/jaskinia-solna.pl\/index.php\/wp-json\/wp\/v2\/users\/2"}],"replies":[{"embeddable":true,"href":"http:\/\/jaskinia-solna.pl\/index.php\/wp-json\/wp\/v2\/comments?post=39"}],"version-history":[{"count":4,"href":"http:\/\/jaskinia-solna.pl\/index.php\/wp-json\/wp\/v2\/pages\/39\/revisions"}],"predecessor-version":[{"id":71,"href":"http:\/\/jaskinia-solna.pl\/index.php\/wp-json\/wp\/v2\/pages\/39\/revisions\/71"}],"wp:attachment":[{"href":"http:\/\/jaskinia-solna.pl\/index.php\/wp-json\/wp\/v2\/media?parent=39"}],"curies":[{"name":"wp","href":"https:\/\/api.w.org\/{rel}","templated":true}]}}